{"id":16869,"date":"2025-07-02T19:42:18","date_gmt":"2025-07-02T19:42:18","guid":{"rendered":"https:\/\/keyservice.md\/?page_id=16869"},"modified":"2026-03-09T14:25:01","modified_gmt":"2026-03-09T14:25:01","slug":"kontakty","status":"publish","type":"page","link":"https:\/\/keyservice.md\/ro\/kontakty\/","title":{"rendered":"Contacte"},"content":{"rendered":"\t\t<div data-elementor-type=\"wp-page\" data-elementor-id=\"16869\" class=\"elementor elementor-16869 elementor-15857\">\n\t\t\t\t<div class=\"wd-negative-gap elementor-element elementor-element-e7a223f e-flex e-con-boxed e-con e-parent\" data-id=\"e7a223f\" data-element_type=\"container\">\n\t\t\t\t\t<div class=\"e-con-inner\">\n\t\t<div class=\"elementor-element elementor-element-ba9f960 e-con-full e-flex e-con e-child\" data-id=\"ba9f960\" data-element_type=\"container\">\n\t\t<div class=\"elementor-element elementor-element-c586251 e-con-full e-flex e-con e-child\" data-id=\"c586251\" data-element_type=\"container\">\n\t\t<div class=\"elementor-element elementor-element-2976a16 e-con-full e-flex e-con e-child\" data-id=\"2976a16\" data-element_type=\"container\">\n\t\t<div class=\"elementor-element elementor-element-5ff47e4 e-con-full e-flex e-con e-child\" data-id=\"5ff47e4\" data-element_type=\"container\" data-settings=\"{&quot;background_background&quot;:&quot;classic&quot;}\">\n\t\t\t\t<div class=\"elementor-element elementor-element-2e556c8 elementor-widget elementor-widget-google_maps\" data-id=\"2e556c8\" data-element_type=\"widget\" data-widget_type=\"google_maps.default\">\n\t\t\t\t<div class=\"elementor-widget-container\">\n\t\t\t\t\t\t\t<div class=\"elementor-custom-embed\">\n\t\t\t<iframe loading=\"lazy\"\n\t\t\t\t\tsrc=\"https:\/\/maps.google.com\/maps?q=47.02799720914632%2C%2028.852594055219896&#038;t=m&#038;z=15&#038;output=embed&#038;iwloc=near\"\n\t\t\t\t\ttitle=\"47.02799720914632, 28.852594055219896\"\n\t\t\t\t\taria-label=\"47.02799720914632, 28.852594055219896\"\n\t\t\t><\/iframe>\n\t\t<\/div>\n\t\t\t\t\t\t<\/div>\n\t\t\t\t<\/div>\n\t\t\t\t<\/div>\n\t\t\t\t<\/div>\n\t\t\t\t<\/div>\n\t\t<div class=\"elementor-element elementor-element-afc007a e-con-full e-flex e-con e-child\" data-id=\"afc007a\" data-element_type=\"container\">\n\t\t<div class=\"elementor-element elementor-element-990cc03 e-con-full e-flex e-con e-child\" data-id=\"990cc03\" data-element_type=\"container\" data-settings=\"{&quot;background_background&quot;:&quot;classic&quot;}\">\n\t\t\t\t<div class=\"elementor-element elementor-element-25cf105 elementor-widget elementor-widget-image\" data-id=\"25cf105\" data-element_type=\"widget\" data-widget_type=\"image.default\">\n\t\t\t\t<div class=\"elementor-widget-container\">\n\t\t\t\t\t\t\t\t\t\t\t\t\t\t\t<img fetchpriority=\"high\" decoding=\"async\" width=\"1257\" height=\"800\" src=\"https:\/\/keyservice.md\/wp-content\/uploads\/2025\/07\/Frame-31-8-1-1257x800.jpg\" class=\"attachment-large size-large wp-image-16672\" alt=\"\" srcset=\"https:\/\/keyservice.md\/wp-content\/uploads\/2025\/07\/Frame-31-8-1-1257x800.jpg 1257w, https:\/\/keyservice.md\/wp-content\/uploads\/2025\/07\/Frame-31-8-1-400x255.jpg 400w, https:\/\/keyservice.md\/wp-content\/uploads\/2025\/07\/Frame-31-8-1-768x489.jpg 768w, https:\/\/keyservice.md\/wp-content\/uploads\/2025\/07\/Frame-31-8-1-1536x978.jpg 1536w, https:\/\/keyservice.md\/wp-content\/uploads\/2025\/07\/Frame-31-8-1-430x274.jpg 430w, https:\/\/keyservice.md\/wp-content\/uploads\/2025\/07\/Frame-31-8-1-700x446.jpg 700w, https:\/\/keyservice.md\/wp-content\/uploads\/2025\/07\/Frame-31-8-1-150x95.jpg 150w, https:\/\/keyservice.md\/wp-content\/uploads\/2025\/07\/Frame-31-8-1.jpg 2000w\" sizes=\"(max-width: 1257px) 100vw, 1257px\" \/>\t\t\t\t\t\t\t\t\t\t\t\t\t\t\t<\/div>\n\t\t\t\t<\/div>\n\t\t\t\t<\/div>\n\t\t\t\t<\/div>\n\t\t\t\t<\/div>\n\t\t\t\t\t<\/div>\n\t\t\t\t<\/div>\n\t\t<div class=\"wd-negative-gap elementor-element elementor-element-feef55b e-flex e-con-boxed e-con e-parent\" data-id=\"feef55b\" data-element_type=\"container\">\n\t\t\t\t\t<div class=\"e-con-inner\">\n\t\t<div class=\"elementor-element elementor-element-d1443de e-con-full e-flex e-con e-child\" data-id=\"d1443de\" data-element_type=\"container\" data-settings=\"{&quot;background_background&quot;:&quot;classic&quot;}\">\n\t\t<div class=\"elementor-element elementor-element-3e5d008 e-con-full e-flex e-con e-child\" data-id=\"3e5d008\" data-element_type=\"container\" data-settings=\"{&quot;background_background&quot;:&quot;classic&quot;}\">\n\t\t<div class=\"elementor-element elementor-element-70633a9 e-con-full e-flex e-con e-child\" data-id=\"70633a9\" data-element_type=\"container\">\n\t\t<div class=\"elementor-element elementor-element-465eb82 e-con-full e-flex e-con e-child\" data-id=\"465eb82\" data-element_type=\"container\">\n\t\t<div class=\"elementor-element elementor-element-56c1c6c e-con-full e-flex e-con e-child\" data-id=\"56c1c6c\" data-element_type=\"container\">\n\t\t\t\t<div class=\"elementor-element elementor-element-51c00e8 wd-width-100 elementor-widget elementor-widget-wd_title\" data-id=\"51c00e8\" data-element_type=\"widget\" data-widget_type=\"wd_title.default\">\n\t\t\t\t<div class=\"elementor-widget-container\">\n\t\t\t\t\t\t\t<div class=\"title-wrapper wd-set-mb reset-last-child wd-title-color-default wd-title-style-default wd-title-size-default text-left\">\n\n\t\t\t\t\t\t\t\t\t\t\t<div class=\"title-subtitle subtitle-color-default subtitle-style-default wd-fontsize-xs\">\n\t\t\t\t\t\u00abKeyService\u00bb\t\t\t\t<\/div>\n\t\t\t\n\t\t\t<div class=\"liner-continer\">\n\t\t\t\t<h4 class=\"woodmart-title-container title wd-fontsize-l\">APELA\u021aI LA NOI PENTRU ORICE \u00ceNTREBARE<br \/>\n<\/h4> \n\t\t\t\t\t\t\t<\/div>\n\n\t\t\t\t\t<\/div>\n\t\t\t\t\t\t<\/div>\n\t\t\t\t<\/div>\n\t\t\t\t<\/div>\n\t\t<div class=\"elementor-element elementor-element-5deb58b e-con-full e-flex e-con e-child\" data-id=\"5deb58b\" data-element_type=\"container\">\n\t\t<div class=\"elementor-element elementor-element-84e39d1 e-con-full e-flex e-con e-child\" data-id=\"84e39d1\" data-element_type=\"container\">\n\t\t\t\t<div class=\"elementor-element elementor-element-8e8984a elementor-widget elementor-widget-wd_contact_form_7\" data-id=\"8e8984a\" data-element_type=\"widget\" data-widget_type=\"wd_contact_form_7.default\">\n\t\t\t\t<div class=\"elementor-widget-container\">\n\t\t\t\t\t\n<div class=\"wpcf7 no-js\" id=\"wpcf7-f16815-o1\" lang=\"en-US\" dir=\"ltr\" data-wpcf7-id=\"16815\">\n<div class=\"screen-reader-response\"><p role=\"status\" aria-live=\"polite\" aria-atomic=\"true\"><\/p> <ul><\/ul><\/div>\n<form action=\"\/ro\/wp-json\/wp\/v2\/pages\/16869#wpcf7-f16815-o1\" method=\"post\" class=\"wpcf7-form init\" aria-label=\"Contact form\" novalidate=\"novalidate\" data-status=\"init\">\n<fieldset class=\"hidden-fields-container\"><input type=\"hidden\" name=\"_wpcf7\" value=\"16815\" \/><input type=\"hidden\" name=\"_wpcf7_version\" value=\"6.1\" \/><input type=\"hidden\" name=\"_wpcf7_locale\" value=\"en_US\" \/><input type=\"hidden\" name=\"_wpcf7_unit_tag\" value=\"wpcf7-f16815-o1\" \/><input type=\"hidden\" name=\"_wpcf7_container_post\" value=\"0\" \/><input type=\"hidden\" name=\"_wpcf7_posted_data_hash\" value=\"\" \/>\n<\/fieldset>\n<div class=\"row\">\n\t<p class=\"col-md-6\"><label>Numele dumneavoastr\u0103<\/label><span class=\"wpcf7-form-control-wrap\" data-name=\"your-name\"><input size=\"40\" maxlength=\"400\" class=\"wpcf7-form-control wpcf7-text wpcf7-validates-as-required\" aria-required=\"true\" aria-invalid=\"false\" value=\"\" type=\"text\" name=\"your-name\" \/><\/span>\n\t<\/p>\n\t<p class=\"col-md-6\"><label>Email-ul dumneavoastr\u0103<\/label><span class=\"wpcf7-form-control-wrap\" data-name=\"your-email\"><input size=\"40\" maxlength=\"400\" class=\"wpcf7-form-control wpcf7-email wpcf7-validates-as-required wpcf7-text wpcf7-validates-as-email\" aria-required=\"true\" aria-invalid=\"false\" value=\"\" type=\"email\" name=\"your-email\" \/><\/span>\n\t<\/p>\n<\/div>\n<div class=\"row\">\n\t<p class=\"col-md-6\"><label>Num\u0103rul de telefon<\/label><span class=\"wpcf7-form-control-wrap\" data-name=\"tel-767\"><input size=\"40\" maxlength=\"400\" class=\"wpcf7-form-control wpcf7-tel wpcf7-text wpcf7-validates-as-tel\" aria-invalid=\"false\" value=\"\" type=\"tel\" name=\"tel-767\" \/><\/span>\n\t<\/p>\n\t<p class=\"col-md-6\"><label>Compania<\/label><span class=\"wpcf7-form-control-wrap\" data-name=\"text-1\"><input size=\"40\" maxlength=\"400\" class=\"wpcf7-form-control wpcf7-text\" aria-invalid=\"false\" value=\"\" type=\"text\" name=\"text-1\" \/><\/span>\n\t<\/p>\n<\/div>\n<p><label>Mesajul dumneavoastr\u0103<\/label><span class=\"wpcf7-form-control-wrap\" data-name=\"your-message\"><textarea cols=\"40\" rows=\"10\" maxlength=\"2000\" class=\"wpcf7-form-control wpcf7-textarea\" aria-invalid=\"false\" name=\"your-message\"><\/textarea><\/span>\n<\/p>\n<p><br \/>\n<input class=\"wpcf7-form-control wpcf7-submit has-spinner btn-color-black\" type=\"submit\" value=\"TRIMITE\" \/>\n<\/p><input type='hidden' class='wpcf7-pum' value='{\"closepopup\":false,\"closedelay\":0,\"openpopup\":false,\"openpopup_id\":0}' \/><div class=\"wpcf7-response-output\" aria-hidden=\"true\"><\/div>\n<\/form>\n<\/div>\n\t\t\t\t<\/div>\n\t\t\t\t<\/div>\n\t\t\t\t<\/div>\n\t\t\t\t<\/div>\n\t\t\t\t<\/div>\n\t\t\t\t<\/div>\n\t\t\t\t<\/div>\n\t\t\t\t<\/div>\n\t\t<div class=\"elementor-element elementor-element-9878dd5 e-con-full e-flex e-con e-child\" data-id=\"9878dd5\" data-element_type=\"container\" data-settings=\"{&quot;background_background&quot;:&quot;classic&quot;}\">\n\t\t<div class=\"elementor-element elementor-element-a4be56e e-con-full e-flex e-con e-child\" data-id=\"a4be56e\" data-element_type=\"container\" data-settings=\"{&quot;background_background&quot;:&quot;classic&quot;}\">\n\t\t<div class=\"elementor-element elementor-element-defaa1c e-con-full e-flex e-con e-child\" data-id=\"defaa1c\" data-element_type=\"container\">\n\t\t<div class=\"elementor-element elementor-element-235f7eb e-con-full e-flex e-con e-child\" data-id=\"235f7eb\" data-element_type=\"container\">\n\t\t<div class=\"elementor-element elementor-element-17d8e5d e-con-full e-flex e-con e-child\" data-id=\"17d8e5d\" data-element_type=\"container\">\n\t\t\t\t<div class=\"elementor-element elementor-element-5163a07 wd-width-100 elementor-widget elementor-widget-wd_title\" data-id=\"5163a07\" data-element_type=\"widget\" data-widget_type=\"wd_title.default\">\n\t\t\t\t<div class=\"elementor-widget-container\">\n\t\t\t\t\t\t\t<div class=\"title-wrapper wd-set-mb reset-last-child wd-title-color-default wd-title-style-default wd-title-size-default text-left\">\n\n\t\t\t\t\t\t\t\t\t\t\t<div class=\"title-subtitle subtitle-color-default subtitle-style-default wd-fontsize-xs\">\n\t\t\t\t\t\u00abKeyService\u00bb\t\t\t\t<\/div>\n\t\t\t\n\t\t\t<div class=\"liner-continer\">\n\t\t\t\t<h4 class=\"woodmart-title-container title wd-fontsize-l\">Ave\u021bi nevoie de ajutor?<\/h4> \n\t\t\t\t\t\t\t<\/div>\n\n\t\t\t\t\t<\/div>\n\t\t\t\t\t\t<\/div>\n\t\t\t\t<\/div>\n\t\t\t\t<\/div>\n\t\t<div class=\"elementor-element elementor-element-9b66982 e-con-full e-flex e-con e-child\" data-id=\"9b66982\" data-element_type=\"container\">\n\t\t<div class=\"elementor-element elementor-element-d200efa e-con-full e-flex e-con e-child\" data-id=\"d200efa\" data-element_type=\"container\">\n\t\t<div class=\"elementor-element elementor-element-5d0d1db e-con-full e-flex e-con e-child\" data-id=\"5d0d1db\" data-element_type=\"container\">\n\t\t<div class=\"elementor-element elementor-element-4fd5cf2 e-con-full e-flex e-con e-child\" data-id=\"4fd5cf2\" data-element_type=\"container\">\n\t\t<div class=\"elementor-element elementor-element-e1bc240 e-con-full e-flex e-con e-child\" data-id=\"e1bc240\" data-element_type=\"container\">\n\t\t\t\t<div class=\"elementor-element elementor-element-f56d288 elementor-widget elementor-widget-wd_infobox_carousel\" data-id=\"f56d288\" data-element_type=\"widget\" data-widget_type=\"wd_infobox_carousel.default\">\n\t\t\t\t<div class=\"elementor-widget-container\">\n\t\t\t\t\t\t\t<div class=\"wd-carousel-container info-box-carousel-wrapper\">\n\t\t\t<div class=\"wd-carousel-inner\">\n\t\t\t\t<div class=\"wd-carousel wd-grid info-box-carousel\" style=\"--wd-col-lg:3;--wd-col-md:2;--wd-col-sm:1;--wd-gap-lg:30px;--wd-gap-sm:10px;\">\n\t\t\t\t\t<div class=\"wd-carousel-wrap\">\n\t\t\t\t\t\t\t\t\t\t\t\t\t\t\t\t\t\t\t\t\t\t<div class=\"info-box-wrapper wd-carousel-item\">\n\t\t\t<div class=\"wd-info-box text-left box-icon-align-left box-style-base color-scheme-  elementor-repeater-item-edf86e3 wd-items-top\">\n\t\t\t\t\t\t\t\t\t<div class=\"box-icon-wrapper  box-with-icon box-icon-simple\">\n\t\t\t\t\t\t<div class=\"info-box-icon\">\n\t\t\t\t\t\t\t\t\t\t\t\t\t\t\t<div class=\"info-svg-wrapper\" style=\"width:18px; height:18px;\"><img loading=\"lazy\" decoding=\"async\"  src=\"https:\/\/keyservice.md\/wp-content\/uploads\/2023\/03\/mail-1.svg\" title=\"mail\" loading=\"lazy\" width=\"18\" height=\"18\"><\/div>\t\t\t\t\t\t\t\t\t\t\t\t\t<\/div>\n\t\t\t\t\t<\/div>\n\t\t\t\t\n\t\t\t\t<div class=\"info-box-content\">\n\t\t\t\t\t\n\t\t\t\t\t\t\t\t\t\t\t<h4\t\t\t\t\t\tclass=\"info-box-title title box-title-style-default wd-fontsize-m\" data-elementor-setting-key=\"title\">\n\t\t\t\t\t\t\t\tE-mail:\t\t\t\t\t\t<\/h4>\n\t\t\t\t\t\n\t\t\t\t\t<div class=\"info-box-inner reset-last-child\"data-elementor-setting-key=\"content\"><p>in@keyservice.md<\/p>\n<\/div>\n\n\t\t\t\t\t\t\t\t\t<\/div>\n\n\t\t\t\t\t\t\t\t\t<a href=\"mailto:in@keyservice.md\" class=\"wd-info-box-link wd-fill\" aria-label=\"Infobox link\"><\/a>\n\t\t\t\t\t\t\t<\/div>\n\t\t<\/div>\n\t\t\t\t\t\t\t\t\t\t\t\t\t<\/div>\n\t\t\t\t<\/div>\n\n\t\t\t\t\t\t\t\t\t\t\t<div class=\"wd-nav-arrows wd-pos-sep wd-hover-1 wd-icon-1\">\n\t\t\t<div class=\"wd-btn-arrow wd-prev wd-disabled\">\n\t\t\t\t<div class=\"wd-arrow-inner\"><\/div>\n\t\t\t<\/div>\n\t\t\t<div class=\"wd-btn-arrow wd-next\">\n\t\t\t\t<div class=\"wd-arrow-inner\"><\/div>\n\t\t\t<\/div>\n\t\t<\/div>\n\t\t\t\t\t\t\t\t\t<\/div>\n\n\t\t\t\t\t\t\t\t<\/div>\n\t\t\t\t\t\t<\/div>\n\t\t\t\t<\/div>\n\t\t<div class=\"elementor-element elementor-element-f40ce45 e-con-full e-flex e-con e-child\" data-id=\"f40ce45\" data-element_type=\"container\">\n\t\t\t\t<div class=\"elementor-element elementor-element-9f63753 elementor-widget elementor-widget-wd_infobox_carousel\" data-id=\"9f63753\" data-element_type=\"widget\" data-widget_type=\"wd_infobox_carousel.default\">\n\t\t\t\t<div class=\"elementor-widget-container\">\n\t\t\t\t\t\t\t<div class=\"wd-carousel-container info-box-carousel-wrapper\">\n\t\t\t<div class=\"wd-carousel-inner\">\n\t\t\t\t<div class=\"wd-carousel wd-grid info-box-carousel\" style=\"--wd-col-lg:1;--wd-col-md:2;--wd-col-sm:1;--wd-gap-lg:30px;--wd-gap-sm:10px;\">\n\t\t\t\t\t<div class=\"wd-carousel-wrap\">\n\t\t\t\t\t\t\t\t\t\t\t\t\t\t\t\t\t\t\t\t\t\t<div class=\"info-box-wrapper wd-carousel-item\">\n\t\t\t<div class=\"wd-info-box text-left box-icon-align-left box-style-base color-scheme-  elementor-repeater-item-a94e610 wd-items-top\">\n\t\t\t\t\t\t\t\t\t<div class=\"box-icon-wrapper  box-with-icon box-icon-simple\">\n\t\t\t\t\t\t<div class=\"info-box-icon\">\n\t\t\t\t\t\t\t\t\t\t\t\t\t\t\t<div class=\"info-svg-wrapper\" style=\"width:18px; height:18px;\"><img loading=\"lazy\" decoding=\"async\"  src=\"https:\/\/keyservice.md\/wp-content\/uploads\/2023\/03\/phone.svg\" title=\"phone\" loading=\"lazy\" width=\"18\" height=\"18\"><\/div>\t\t\t\t\t\t\t\t\t\t\t\t\t<\/div>\n\t\t\t\t\t<\/div>\n\t\t\t\t\n\t\t\t\t<div class=\"info-box-content\">\n\t\t\t\t\t\n\t\t\t\t\t\t\t\t\t\t\t<h4\t\t\t\t\t\tclass=\"info-box-title title box-title-style-default wd-fontsize-m\" data-elementor-setting-key=\"title\">\n\t\t\t\t\t\t\t\tTelefon:\t\t\t\t\t\t<\/h4>\n\t\t\t\t\t\n\t\t\t\t\t<div class=\"info-box-inner reset-last-child\"data-elementor-setting-key=\"content\"><p>+ (373) 60-406-444<\/p>\n<\/div>\n\n\t\t\t\t\t\t\t\t\t<\/div>\n\n\t\t\t\t\t\t\t\t\t<a href=\"tel:+37360406444\" class=\"wd-info-box-link wd-fill\" aria-label=\"Infobox link\"><\/a>\n\t\t\t\t\t\t\t<\/div>\n\t\t<\/div>\n\t\t\t\t\t\t\t\t\t\t\t\t\t<\/div>\n\t\t\t\t<\/div>\n\n\t\t\t\t\t\t\t\t\t\t\t<div class=\"wd-nav-arrows wd-pos-sep wd-hover-1 wd-icon-1\">\n\t\t\t<div class=\"wd-btn-arrow wd-prev wd-disabled\">\n\t\t\t\t<div class=\"wd-arrow-inner\"><\/div>\n\t\t\t<\/div>\n\t\t\t<div class=\"wd-btn-arrow wd-next\">\n\t\t\t\t<div class=\"wd-arrow-inner\"><\/div>\n\t\t\t<\/div>\n\t\t<\/div>\n\t\t\t\t\t\t\t\t\t<\/div>\n\n\t\t\t\t\t\t\t\t<\/div>\n\t\t\t\t\t\t<\/div>\n\t\t\t\t<\/div>\n\t\t\t\t<\/div>\n\t\t\t\t<\/div>\n\t\t\t\t<\/div>\n\t\t<div class=\"elementor-element elementor-element-cee67fb e-con-full e-flex e-con e-child\" data-id=\"cee67fb\" data-element_type=\"container\">\n\t\t<div class=\"elementor-element elementor-element-0aa523d e-con-full e-flex e-con e-child\" data-id=\"0aa523d\" data-element_type=\"container\">\n\t\t\t\t<div class=\"elementor-element elementor-element-6a2967a elementor-widget elementor-widget-wd_infobox_carousel\" data-id=\"6a2967a\" data-element_type=\"widget\" data-widget_type=\"wd_infobox_carousel.default\">\n\t\t\t\t<div class=\"elementor-widget-container\">\n\t\t\t\t\t\t\t<div class=\"wd-carousel-container info-box-carousel-wrapper\">\n\t\t\t<div class=\"wd-carousel-inner\">\n\t\t\t\t<div class=\"wd-carousel wd-grid info-box-carousel\" data-scroll_per_page=\"yes\" style=\"--wd-col-lg:1;--wd-col-md:2;--wd-col-sm:1;--wd-gap-lg:30px;--wd-gap-sm:10px;\">\n\t\t\t\t\t<div class=\"wd-carousel-wrap\">\n\t\t\t\t\t\t\t\t\t\t\t\t\t\t\t\t\t\t\t\t\t\t<div class=\"info-box-wrapper wd-carousel-item\">\n\t\t\t<div class=\"wd-info-box text-left box-icon-align-left box-style-base color-scheme-  elementor-repeater-item-e68b7d7 wd-items-top\">\n\t\t\t\t\t\t\t\t\t<div class=\"box-icon-wrapper  box-with-icon box-icon-simple\">\n\t\t\t\t\t\t<div class=\"info-box-icon\">\n\t\t\t\t\t\t\t\t\t\t\t\t\t\t\t<div class=\"info-svg-wrapper\" style=\"width:18px; height:18px;\"><img loading=\"lazy\" decoding=\"async\"  src=\"https:\/\/keyservice.md\/wp-content\/uploads\/2023\/03\/pointer.svg\" title=\"pointer\" loading=\"lazy\" width=\"18\" height=\"18\"><\/div>\t\t\t\t\t\t\t\t\t\t\t\t\t<\/div>\n\t\t\t\t\t<\/div>\n\t\t\t\t\n\t\t\t\t<div class=\"info-box-content\">\n\t\t\t\t\t\n\t\t\t\t\t\t\t\t\t\t\t<h4\t\t\t\t\t\tclass=\"info-box-title title box-title-style-default wd-fontsize-m\" data-elementor-setting-key=\"title\">\n\t\t\t\t\t\t\t\tAdres\u0103:\t\t\t\t\t\t<\/h4>\n\t\t\t\t\t\n\t\t\t\t\t<div class=\"info-box-inner reset-last-child\"data-elementor-setting-key=\"content\"><p>MD-2023, mun. Chi\u0219in\u0103u, str. Albisoara 21\/1<\/p>\n<\/div>\n\n\t\t\t\t\t\t\t\t\t<\/div>\n\n\t\t\t\t\t\t\t\t\t<a href=\"https:\/\/www.google.com\/maps\/place\/21,+Strada+Albi%C5%9Foara+1,+Chi%C8%99in%C4%83u,+%D0%9C%D0%BE%D0%BB%D0%B4%D0%BE%D0%B2%D0%B0\/@47.027949,28.852502,18z\/data=!4m5!3m4!1s0x40c97c3fb5700001:0xef57a7d7511ca357!8m2!3d47.0208038!4d28.8554781?hl=ru-RU&#038;entry=ttu&#038;g_ep=EgoyMDI1MDYyNi4wIKXMDSoASAFQAw%3D%3D\" class=\"wd-info-box-link wd-fill\" aria-label=\"Infobox link\"><\/a>\n\t\t\t\t\t\t\t<\/div>\n\t\t<\/div>\n\t\t\t\t\t\t\t\t\t\t\t\t\t<\/div>\n\t\t\t\t<\/div>\n\n\t\t\t\t\t\t\t\t\t\t\t<div class=\"wd-nav-arrows wd-pos-sep wd-hover-1 wd-icon-1\">\n\t\t\t<div class=\"wd-btn-arrow wd-prev wd-disabled\">\n\t\t\t\t<div class=\"wd-arrow-inner\"><\/div>\n\t\t\t<\/div>\n\t\t\t<div class=\"wd-btn-arrow wd-next\">\n\t\t\t\t<div class=\"wd-arrow-inner\"><\/div>\n\t\t\t<\/div>\n\t\t<\/div>\n\t\t\t\t\t\t\t\t\t<\/div>\n\n\t\t\t\t\t\t\t\t<\/div>\n\t\t\t\t\t\t<\/div>\n\t\t\t\t<\/div>\n\t\t\t\t<\/div>\n\t\t\t\t<\/div>\n\t\t\t\t<\/div>\n\t\t\t\t<\/div>\n\t\t<div class=\"elementor-element elementor-element-cce8790 e-con-full e-flex e-con e-child\" data-id=\"cce8790\" data-element_type=\"container\">\n\t\t<div class=\"elementor-element elementor-element-b145f8b e-con-full e-flex e-con e-child\" data-id=\"b145f8b\" data-element_type=\"container\">\n\t\t<div class=\"elementor-element elementor-element-f92f1f0 e-con-full e-flex e-con e-child\" data-id=\"f92f1f0\" data-element_type=\"container\">\n\t\t<div class=\"elementor-element elementor-element-e0eacc8 e-con-full e-flex e-con e-child\" data-id=\"e0eacc8\" data-element_type=\"container\">\n\t\t\t\t<div class=\"elementor-element elementor-element-f63919f elementor-widget elementor-widget-wd_infobox_carousel\" data-id=\"f63919f\" data-element_type=\"widget\" data-widget_type=\"wd_infobox_carousel.default\">\n\t\t\t\t<div class=\"elementor-widget-container\">\n\t\t\t\t\t\t\t<div class=\"wd-carousel-container info-box-carousel-wrapper\">\n\t\t\t<div class=\"wd-carousel-inner\">\n\t\t\t\t<div class=\"wd-carousel wd-grid info-box-carousel\" style=\"--wd-col-lg:1;--wd-col-md:2;--wd-col-sm:1;--wd-gap-lg:30px;--wd-gap-sm:10px;\">\n\t\t\t\t\t<div class=\"wd-carousel-wrap\">\n\t\t\t\t\t\t\t\t\t\t\t\t\t\t\t\t\t\t\t\t\t\t<div class=\"info-box-wrapper wd-carousel-item\">\n\t\t\t<div class=\"wd-info-box text-left box-icon-align-left box-style-base color-scheme-  elementor-repeater-item-a94e610 wd-items-top\">\n\t\t\t\t\t\t\t\t\t<div class=\"box-icon-wrapper  box-with-icon box-icon-simple\">\n\t\t\t\t\t\t<div class=\"info-box-icon\">\n\t\t\t\t\t\t\t\t\t\t\t\t\t\t\t<img decoding=\"async\" width=\"18\" height=\"18\" src=\"https:\/\/keyservice.md\/wp-content\/uploads\/2025\/07\/clock-solid-1.png\" class=\"attachment-20x20 size-20x20\" alt=\"\" \/>\t\t\t\t\t\t\t\t\t\t\t\t\t<\/div>\n\t\t\t\t\t<\/div>\n\t\t\t\t\n\t\t\t\t<div class=\"info-box-content\">\n\t\t\t\t\t\n\t\t\t\t\t\t\t\t\t\t\t<h4\t\t\t\t\t\tclass=\"info-box-title title box-title-style-default wd-fontsize-m\" data-elementor-setting-key=\"title\">\n\t\t\t\t\t\t\t\tProgram de lucru:\t\t\t\t\t\t<\/h4>\n\t\t\t\t\t\n\t\t\t\t\t<div class=\"info-box-inner reset-last-child\"data-elementor-setting-key=\"content\"><p>L-V: 09:00 - 18:00<br \/>\nS-D: 10:00 - 14:00<\/p>\n<\/div>\n\n\t\t\t\t\t\t\t\t\t<\/div>\n\n\t\t\t\t\t\t\t\t\t<a href=\"tel:+37360406444\" class=\"wd-info-box-link wd-fill\" aria-label=\"Infobox link\"><\/a>\n\t\t\t\t\t\t\t<\/div>\n\t\t<\/div>\n\t\t\t\t\t\t\t\t\t\t\t\t\t<\/div>\n\t\t\t\t<\/div>\n\n\t\t\t\t\t\t\t\t\t\t\t<div class=\"wd-nav-arrows wd-pos-sep wd-hover-1 wd-icon-1\">\n\t\t\t<div class=\"wd-btn-arrow wd-prev wd-disabled\">\n\t\t\t\t<div class=\"wd-arrow-inner\"><\/div>\n\t\t\t<\/div>\n\t\t\t<div class=\"wd-btn-arrow wd-next\">\n\t\t\t\t<div class=\"wd-arrow-inner\"><\/div>\n\t\t\t<\/div>\n\t\t<\/div>\n\t\t\t\t\t\t\t\t\t<\/div>\n\n\t\t\t\t\t\t\t\t<\/div>\n\t\t\t\t\t\t<\/div>\n\t\t\t\t<\/div>\n\t\t\t\t<\/div>\n\t\t\t\t<\/div>\n\t\t<div class=\"elementor-element elementor-element-42704a7 e-con-full e-flex e-con e-child\" data-id=\"42704a7\" data-element_type=\"container\">\n\t\t<div class=\"elementor-element elementor-element-e9fa408 e-con-full e-flex e-con e-child\" data-id=\"e9fa408\" data-element_type=\"container\">\n\t\t\t\t<div class=\"elementor-element elementor-element-d91de0d elementor-widget elementor-widget-heading\" data-id=\"d91de0d\" data-element_type=\"widget\" data-widget_type=\"heading.default\">\n\t\t\t\t<div class=\"elementor-widget-container\">\n\t\t\t\t\t<h2 class=\"elementor-heading-title elementor-size-default\">Re\u021bele sociale:<\/h2>\t\t\t\t<\/div>\n\t\t\t\t<\/div>\n\t\t<div class=\"elementor-element elementor-element-3deeb41 e-con-full e-flex e-con e-child\" data-id=\"3deeb41\" data-element_type=\"container\">\n\t\t\t\t<div class=\"elementor-element elementor-element-5fc54d7 e-grid-align-left elementor-shape-rounded elementor-grid-0 elementor-widget elementor-widget-social-icons\" data-id=\"5fc54d7\" data-element_type=\"widget\" data-widget_type=\"social-icons.default\">\n\t\t\t\t<div class=\"elementor-widget-container\">\n\t\t\t\t\t\t\t<div class=\"elementor-social-icons-wrapper elementor-grid\">\n\t\t\t\t\t\t\t<span class=\"elementor-grid-item\">\n\t\t\t\t\t<a class=\"elementor-icon elementor-social-icon elementor-social-icon-facebook elementor-repeater-item-14d7152\" target=\"_blank\">\n\t\t\t\t\t\t<span class=\"elementor-screen-only\">Facebook<\/span>\n\t\t\t\t\t\t<svg class=\"e-font-icon-svg e-fab-facebook\" viewBox=\"0 0 512 512\" xmlns=\"http:\/\/www.w3.org\/2000\/svg\"><path d=\"M504 256C504 119 393 8 256 8S8 119 8 256c0 123.78 90.69 226.38 209.25 245V327.69h-63V256h63v-54.64c0-62.15 37-96.48 93.67-96.48 27.14 0 55.52 4.84 55.52 4.84v61h-31.28c-30.8 0-40.41 19.12-40.41 38.73V256h68.78l-11 71.69h-57.78V501C413.31 482.38 504 379.78 504 256z\"><\/path><\/svg>\t\t\t\t\t<\/a>\n\t\t\t\t<\/span>\n\t\t\t\t\t<\/div>\n\t\t\t\t\t\t<\/div>\n\t\t\t\t<\/div>\n\t\t\t\t<\/div>\n\t\t\t\t<\/div>\n\t\t\t\t<\/div>\n\t\t\t\t<\/div>\n\t\t\t\t<\/div>\n\t\t\t\t<\/div>\n\t\t\t\t<\/div>\n\t\t\t\t<\/div>\n\t\t\t\t<\/div>\n\t\t\t\t<\/div>\n\t\t\t\t\t<\/div>\n\t\t\t\t<\/div>\n\t\t\t\t<\/div>\n\t\t","protected":false},"excerpt":{"rendered":"<p>\u00abKeyService\u00bb APELA\u021aI LA NOI PENTRU ORICE \u00ceNTREBARE Numele dumneavoastr\u0103 Email-ul dumneavoastr\u0103 Num\u0103rul de telefon Compania Mesajul dumneavoastr\u0103 \u00abKeyService\u00bb Ave\u021bi nevoie<\/p>\n","protected":false},"author":1,"featured_media":0,"parent":0,"menu_order":0,"comment_status":"closed","ping_status":"closed","template":"","meta":{"pagelayer_contact_templates":[],"_pagelayer_content":"","footnotes":""},"class_list":["post-16869","page","type-page","status-publish","hentry"],"_links":{"self":[{"href":"https:\/\/keyservice.md\/ro\/wp-json\/wp\/v2\/pages\/16869","targetHints":{"allow":["GET"]}}],"collection":[{"href":"https:\/\/keyservice.md\/ro\/wp-json\/wp\/v2\/pages"}],"about":[{"href":"https:\/\/keyservice.md\/ro\/wp-json\/wp\/v2\/types\/page"}],"author":[{"embeddable":true,"href":"https:\/\/keyservice.md\/ro\/wp-json\/wp\/v2\/users\/1"}],"replies":[{"embeddable":true,"href":"https:\/\/keyservice.md\/ro\/wp-json\/wp\/v2\/comments?post=16869"}],"version-history":[{"count":17,"href":"https:\/\/keyservice.md\/ro\/wp-json\/wp\/v2\/pages\/16869\/revisions"}],"predecessor-version":[{"id":17114,"href":"https:\/\/keyservice.md\/ro\/wp-json\/wp\/v2\/pages\/16869\/revisions\/17114"}],"wp:attachment":[{"href":"https:\/\/keyservice.md\/ro\/wp-json\/wp\/v2\/media?parent=16869"}],"curies":[{"name":"wp","href":"https:\/\/api.w.org\/{rel}","templated":true}]}}